{"id":527,"date":"2022-11-13T13:52:20","date_gmt":"2022-11-13T13:52:20","guid":{"rendered":"https:\/\/schuetgens.de\/?page_id=304"},"modified":"2022-11-13T13:52:20","modified_gmt":"2022-11-13T13:52:20","slug":"stadthalle-selm-2","status":"publish","type":"page","link":"https:\/\/kybsys.de\/?page_id=527","title":{"rendered":"Stadthalle Selm"},"content":{"rendered":"\n<p><\/p>\n\n\n\n<figure class=\"wp-block-gallery has-nested-images columns-default is-cropped wp-block-gallery-1 is-layout-flex wp-block-gallery-is-layout-flex\">\n<figure class=\"wp-block-image size-large\"><img decoding=\"async\" data-id=\"305\" src=\"https:\/\/kybsys.de\/wp-content\/uploads\/2022\/11\/Buergerhaus.jpg\" alt=\"\" class=\"wp-image-305\"\/><\/figure>\n\n\n\n<figure class=\"wp-block-image size-large\"><img decoding=\"async\" data-id=\"306\" src=\"https:\/\/kybsys.de\/wp-content\/uploads\/2022\/11\/BuergerhausFlurAndreKieslichInternet-1.jpg\" alt=\"\" class=\"wp-image-306\"\/><\/figure>\n\n\n\n<figure class=\"wp-block-image size-large\"><img decoding=\"async\" data-id=\"307\" src=\"https:\/\/kybsys.de\/wp-content\/uploads\/2022\/11\/docu0022.jpg\" alt=\"\" class=\"wp-image-307\"\/><\/figure>\n<\/figure>\n\n\n\n<p>Stadthalle mit VHS der Stadt Selm. Wir erbrachten mit einem Kollegen aus Hamm in Arbeitsgemeinschaft ab dem Entwurf und der Ausf\u00fchrungszeichnungen des Entwurfsarchitekten Peter B\u00f6hm, K\u00f6ln des Architektenwettbewerbes, alle weiteren Architektenleistungen. Die Tragwerksplanung erstellte unser B\u00fcro allein.<\/p>\n\n\n\n<p>Schwerpunkt des Projektes war das Kosten- und Terminmanagement.  Das erbrachten wir in Arbeitsgemeinschaft mit HKS Holzminden.<\/p>\n\n\n\n<p><\/p>\n\n\n\n<figure class=\"wp-block-gallery has-nested-images columns-default is-cropped wp-block-gallery-2 is-layout-flex wp-block-gallery-is-layout-flex\">\n<figure class=\"wp-block-image size-large\"><img decoding=\"async\" data-id=\"309\" src=\"https:\/\/kybsys.de\/wp-content\/uploads\/2022\/11\/Unbenannt-1-1-1024x633.jpg\" alt=\"\" class=\"wp-image-309\"\/><\/figure>\n\n\n\n<figure class=\"wp-block-image size-large\"><img decoding=\"async\" data-id=\"310\" src=\"https:\/\/kybsys.de\/wp-content\/uploads\/2022\/11\/Unbenannt-2-1024x770.jpg\" alt=\"\" class=\"wp-image-310\"\/><\/figure>\n<\/figure>\n","protected":false},"excerpt":{"rendered":"<p>Stadthalle mit VHS der Stadt Selm. Wir erbrachten mit einem Kollegen aus Hamm in Arbeitsgemeinschaft ab dem Entwurf und der Ausf\u00fchrungszeichnungen des Entwurfsarchitekten Peter B\u00f6hm, K\u00f6ln des Architektenwettbewerbes, alle weiteren Architektenleistungen. Die Tragwerksplanung erstellte unser B\u00fcro allein. Schwerpunkt des Projektes war das Kosten- und Terminmanagement. Das erbrachten wir in Arbeitsgemeinschaft mit HKS Holzminden.<\/p>\n","protected":false},"author":1,"featured_media":0,"parent":0,"menu_order":0,"comment_status":"closed","ping_status":"closed","template":"","meta":{"footnotes":""},"class_list":["post-527","page","type-page","status-publish","hentry"],"_links":{"self":[{"href":"https:\/\/kybsys.de\/index.php?rest_route=\/wp\/v2\/pages\/527","targetHints":{"allow":["GET"]}}],"collection":[{"href":"https:\/\/kybsys.de\/index.php?rest_route=\/wp\/v2\/pages"}],"about":[{"href":"https:\/\/kybsys.de\/index.php?rest_route=\/wp\/v2\/types\/page"}],"author":[{"embeddable":true,"href":"https:\/\/kybsys.de\/index.php?rest_route=\/wp\/v2\/users\/1"}],"replies":[{"embeddable":true,"href":"https:\/\/kybsys.de\/index.php?rest_route=%2Fwp%2Fv2%2Fcomments&post=527"}],"version-history":[{"count":0,"href":"https:\/\/kybsys.de\/index.php?rest_route=\/wp\/v2\/pages\/527\/revisions"}],"wp:attachment":[{"href":"https:\/\/kybsys.de\/index.php?rest_route=%2Fwp%2Fv2%2Fmedia&parent=527"}],"curies":[{"name":"wp","href":"https:\/\/api.w.org\/{rel}","templated":true}]}}